{"id":2873,"date":"2022-06-27T07:43:37","date_gmt":"2022-06-27T07:43:37","guid":{"rendered":"https:\/\/georgies-paintshop.com\/?post_type=product&#038;p=2873"},"modified":"2022-06-28T09:43:45","modified_gmt":"2022-06-28T09:43:45","slug":"dufa-premium-holzveredlung","status":"publish","type":"product","link":"https:\/\/georgies-paintshop.com\/el\/product\/dufa-premium-holzveredlung\/","title":{"rendered":"D\u00dcFA PREMIUM HOLZVEREDLUNG"},"content":{"rendered":"","protected":false},"excerpt":{"rendered":"<ul>\n<li>F\u00fcr die Anwendung im Innen- und Au\u00dfenbereich<\/li>\n<li>Ideal f\u00fcr dauerhafte, dekorative Anstriche<\/li>\n<li>Seidengl\u00e4nzend<\/li>\n<li>Blockfest<\/li>\n<li>Auf M\u00f6beln, Vert\u00e4felungen, Paneelen, Holzverkleidungen, Holzfenstern und -t\u00fcren, Holztoren, Fensterl\u00e4den, etc. geeignet<\/li>\n<li>Auch f\u00fcr Kinderspielzeug und sensible Bereiche geeignet<\/li>\n<li>Unsere Mitarbeiter im Markt stehen gern f\u00fcr Beratung zur Verf\u00fcgung<\/li>\n<\/ul>\n","protected":false},"featured_media":2874,"comment_status":"open","ping_status":"closed","template":"","meta":[],"product_brand":[],"product_cat":[98],"product_tag":[],"class_list":{"0":"post-2873","1":"product","2":"type-product","3":"status-publish","4":"has-post-thumbnail","6":"product_cat-varnishes-home-paint","8":"first","9":"instock","10":"featured","11":"shipping-taxable","12":"product-type-simple"},"_links":{"self":[{"href":"https:\/\/georgies-paintshop.com\/el\/wp-json\/wp\/v2\/product\/2873","targetHints":{"allow":["GET"]}}],"collection":[{"href":"https:\/\/georgies-paintshop.com\/el\/wp-json\/wp\/v2\/product"}],"about":[{"href":"https:\/\/georgies-paintshop.com\/el\/wp-json\/wp\/v2\/types\/product"}],"replies":[{"embeddable":true,"href":"https:\/\/georgies-paintshop.com\/el\/wp-json\/wp\/v2\/comments?post=2873"}],"wp:featuredmedia":[{"embeddable":true,"href":"https:\/\/georgies-paintshop.com\/el\/wp-json\/wp\/v2\/media\/2874"}],"wp:attachment":[{"href":"https:\/\/georgies-paintshop.com\/el\/wp-json\/wp\/v2\/media?parent=2873"}],"wp:term":[{"taxonomy":"product_brand","embeddable":true,"href":"https:\/\/georgies-paintshop.com\/el\/wp-json\/wp\/v2\/product_brand?post=2873"},{"taxonomy":"product_cat","embeddable":true,"href":"https:\/\/georgies-paintshop.com\/el\/wp-json\/wp\/v2\/product_cat?post=2873"},{"taxonomy":"product_tag","embeddable":true,"href":"https:\/\/georgies-paintshop.com\/el\/wp-json\/wp\/v2\/product_tag?post=2873"}],"curies":[{"name":"wp","href":"https:\/\/api.w.org\/{rel}","templated":true}]}}